{"id":9205,"date":"2024-04-23T07:16:04","date_gmt":"2024-04-23T07:16:04","guid":{"rendered":"https:\/\/kidsonski.multimediafabrik.com\/protection-des-donnees\/"},"modified":"2024-12-19T07:30:56","modified_gmt":"2024-12-19T07:30:56","slug":"protection-des-donnees","status":"publish","type":"page","link":"https:\/\/kids-on-ski.com\/fr\/protection-des-donnees\/","title":{"rendered":"Protection des donn\u00e9es"},"content":{"rendered":"","protected":false},"excerpt":{"rendered":"","protected":false},"author":1,"featured_media":0,"parent":0,"menu_order":0,"comment_status":"closed","ping_status":"closed","template":"","meta":{"_acf_changed":false,"_seopress_robots_primary_cat":"","_seopress_titles_title":"KIDS ON SKI Confidentialit\u00e9 - Votre vie priv\u00e9e est importante pour nous","_seopress_titles_desc":"Nous accordons une grande importance \u00e0 la protection de vos donn\u00e9es personnelles \u2013 lisez tout ce que vous devez savoir sur notre gestion de vos donn\u00e9es.","_seopress_robots_index":"yes","footnotes":""},"class_list":["post-9205","page","type-page","status-publish"],"acf":[],"_links":{"self":[{"href":"https:\/\/kids-on-ski.com\/fr\/wp-json\/wp\/v2\/pages\/9205","targetHints":{"allow":["GET"]}}],"collection":[{"href":"https:\/\/kids-on-ski.com\/fr\/wp-json\/wp\/v2\/pages"}],"about":[{"href":"https:\/\/kids-on-ski.com\/fr\/wp-json\/wp\/v2\/types\/page"}],"author":[{"embeddable":true,"href":"https:\/\/kids-on-ski.com\/fr\/wp-json\/wp\/v2\/users\/1"}],"replies":[{"embeddable":true,"href":"https:\/\/kids-on-ski.com\/fr\/wp-json\/wp\/v2\/comments?post=9205"}],"version-history":[{"count":1,"href":"https:\/\/kids-on-ski.com\/fr\/wp-json\/wp\/v2\/pages\/9205\/revisions"}],"predecessor-version":[{"id":9206,"href":"https:\/\/kids-on-ski.com\/fr\/wp-json\/wp\/v2\/pages\/9205\/revisions\/9206"}],"wp:attachment":[{"href":"https:\/\/kids-on-ski.com\/fr\/wp-json\/wp\/v2\/media?parent=9205"}],"curies":[{"name":"wp","href":"https:\/\/api.w.org\/{rel}","templated":true}]}}