{"id":9199,"date":"2024-10-11T07:30:02","date_gmt":"2024-10-11T07:30:02","guid":{"rendered":"https:\/\/kidsonski.multimediafabrik.com\/espace-partenaires\/faq-pour-les-partenaires\/"},"modified":"2026-01-28T08:59:40","modified_gmt":"2026-01-28T08:59:40","slug":"faq-pour-les-partenaires","status":"publish","type":"page","link":"https:\/\/kids-on-ski.com\/fr\/espace-partenaires\/faq-pour-les-partenaires\/","title":{"rendered":"FAQ pour les partenaires"},"content":{"rendered":"","protected":true},"excerpt":{"rendered":"","protected":true},"author":1,"featured_media":0,"parent":9192,"menu_order":20,"comment_status":"closed","ping_status":"closed","template":"","meta":{"_acf_changed":false,"_seopress_robots_primary_cat":"","_seopress_titles_title":"KIDS ON SKI FAQ pour Partenaires - Questions fr\u00e9quentes pour nos partenaires","_seopress_titles_desc":"Trouvez des r\u00e9ponses aux questions fr\u00e9quemment pos\u00e9es pour nos partenaires \u2013 de l\u2019inscription \u00e0 la collaboration avec KIDS ON SKI.","_seopress_robots_index":"","footnotes":""},"class_list":["post-9199","page","type-page","status-publish","post-password-required"],"acf":[],"_links":{"self":[{"href":"https:\/\/kids-on-ski.com\/fr\/wp-json\/wp\/v2\/pages\/9199","targetHints":{"allow":["GET"]}}],"collection":[{"href":"https:\/\/kids-on-ski.com\/fr\/wp-json\/wp\/v2\/pages"}],"about":[{"href":"https:\/\/kids-on-ski.com\/fr\/wp-json\/wp\/v2\/types\/page"}],"author":[{"embeddable":true,"href":"https:\/\/kids-on-ski.com\/fr\/wp-json\/wp\/v2\/users\/1"}],"replies":[{"embeddable":true,"href":"https:\/\/kids-on-ski.com\/fr\/wp-json\/wp\/v2\/comments?post=9199"}],"version-history":[{"count":2,"href":"https:\/\/kids-on-ski.com\/fr\/wp-json\/wp\/v2\/pages\/9199\/revisions"}],"predecessor-version":[{"id":20119,"href":"https:\/\/kids-on-ski.com\/fr\/wp-json\/wp\/v2\/pages\/9199\/revisions\/20119"}],"up":[{"embeddable":true,"href":"https:\/\/kids-on-ski.com\/fr\/wp-json\/wp\/v2\/pages\/9192"}],"wp:attachment":[{"href":"https:\/\/kids-on-ski.com\/fr\/wp-json\/wp\/v2\/media?parent=9199"}],"curies":[{"name":"wp","href":"https:\/\/api.w.org\/{rel}","templated":true}]}}