{"id":9194,"date":"2024-10-11T07:17:01","date_gmt":"2024-10-11T07:17:01","guid":{"rendered":"https:\/\/kidsonski.multimediafabrik.com\/espace-partenaires\/telechargements\/"},"modified":"2026-01-30T06:48:28","modified_gmt":"2026-01-30T06:48:28","slug":"telechargements","status":"publish","type":"page","link":"https:\/\/kids-on-ski.com\/fr\/espace-partenaires\/telechargements\/","title":{"rendered":"T\u00e9l\u00e9chargements"},"content":{"rendered":"","protected":true},"excerpt":{"rendered":"","protected":true},"author":1,"featured_media":0,"parent":9192,"menu_order":16,"comment_status":"closed","ping_status":"closed","template":"","meta":{"_acf_changed":false,"_seopress_robots_primary_cat":"","_seopress_titles_title":"KIDS ON SKI T\u00e9l\u00e9chargements - Mat\u00e9riaux utiles pour KIDS ON SKI","_seopress_titles_desc":"T\u00e9l\u00e9chargez des formulaires d\u2019inscription, brochures et autres mat\u00e9riaux utiles sur le programme KIDS ON SKI.","_seopress_robots_index":"","footnotes":""},"class_list":["post-9194","page","type-page","status-publish","post-password-required"],"acf":[],"_links":{"self":[{"href":"https:\/\/kids-on-ski.com\/fr\/wp-json\/wp\/v2\/pages\/9194","targetHints":{"allow":["GET"]}}],"collection":[{"href":"https:\/\/kids-on-ski.com\/fr\/wp-json\/wp\/v2\/pages"}],"about":[{"href":"https:\/\/kids-on-ski.com\/fr\/wp-json\/wp\/v2\/types\/page"}],"author":[{"embeddable":true,"href":"https:\/\/kids-on-ski.com\/fr\/wp-json\/wp\/v2\/users\/1"}],"replies":[{"embeddable":true,"href":"https:\/\/kids-on-ski.com\/fr\/wp-json\/wp\/v2\/comments?post=9194"}],"version-history":[{"count":4,"href":"https:\/\/kids-on-ski.com\/fr\/wp-json\/wp\/v2\/pages\/9194\/revisions"}],"predecessor-version":[{"id":20202,"href":"https:\/\/kids-on-ski.com\/fr\/wp-json\/wp\/v2\/pages\/9194\/revisions\/20202"}],"up":[{"embeddable":true,"href":"https:\/\/kids-on-ski.com\/fr\/wp-json\/wp\/v2\/pages\/9192"}],"wp:attachment":[{"href":"https:\/\/kids-on-ski.com\/fr\/wp-json\/wp\/v2\/media?parent=9194"}],"curies":[{"name":"wp","href":"https:\/\/api.w.org\/{rel}","templated":true}]}}