{"id":9190,"date":"2024-10-11T06:58:50","date_gmt":"2024-10-11T06:58:50","guid":{"rendered":"https:\/\/kidsonski.multimediafabrik.com\/connexion-partenaire\/reinitialiser-le-mot-de-passe\/"},"modified":"2024-12-19T08:14:19","modified_gmt":"2024-12-19T08:14:19","slug":"reinitialiser-le-mot-de-passe","status":"publish","type":"page","link":"https:\/\/kids-on-ski.com\/fr\/connexion-partenaire\/reinitialiser-le-mot-de-passe\/","title":{"rendered":"R\u00e9initialiser le mot de passe"},"content":{"rendered":"","protected":false},"excerpt":{"rendered":"","protected":false},"author":1,"featured_media":0,"parent":9186,"menu_order":14,"comment_status":"closed","ping_status":"closed","template":"","meta":{"_acf_changed":false,"_seopress_robots_primary_cat":"","_seopress_titles_title":"KIDS ON SKI Mot de Passe Oubli\u00e9 - R\u00e9initialisez votre mot de passe pour KIDS ON SKI","_seopress_titles_desc":"Vous avez oubli\u00e9 votre mot de passe ? Aucun probl\u00e8me ! R\u00e9initialisez rapidement et s\u00e9curis\u00e9ment votre mot de passe pour retrouver l\u2019acc\u00e8s \u00e0 votre profil KIDS ON SKI.","_seopress_robots_index":"","footnotes":""},"class_list":["post-9190","page","type-page","status-publish"],"acf":[],"_links":{"self":[{"href":"https:\/\/kids-on-ski.com\/fr\/wp-json\/wp\/v2\/pages\/9190","targetHints":{"allow":["GET"]}}],"collection":[{"href":"https:\/\/kids-on-ski.com\/fr\/wp-json\/wp\/v2\/pages"}],"about":[{"href":"https:\/\/kids-on-ski.com\/fr\/wp-json\/wp\/v2\/types\/page"}],"author":[{"embeddable":true,"href":"https:\/\/kids-on-ski.com\/fr\/wp-json\/wp\/v2\/users\/1"}],"replies":[{"embeddable":true,"href":"https:\/\/kids-on-ski.com\/fr\/wp-json\/wp\/v2\/comments?post=9190"}],"version-history":[{"count":1,"href":"https:\/\/kids-on-ski.com\/fr\/wp-json\/wp\/v2\/pages\/9190\/revisions"}],"predecessor-version":[{"id":11057,"href":"https:\/\/kids-on-ski.com\/fr\/wp-json\/wp\/v2\/pages\/9190\/revisions\/11057"}],"up":[{"embeddable":true,"href":"https:\/\/kids-on-ski.com\/fr\/wp-json\/wp\/v2\/pages\/9186"}],"wp:attachment":[{"href":"https:\/\/kids-on-ski.com\/fr\/wp-json\/wp\/v2\/media?parent=9190"}],"curies":[{"name":"wp","href":"https:\/\/api.w.org\/{rel}","templated":true}]}}