{"id":9135,"date":"2024-10-03T10:23:25","date_gmt":"2024-10-03T10:23:25","guid":{"rendered":"https:\/\/kidsonski.multimediafabrik.com\/demander-une-region-kids-on-ski\/"},"modified":"2026-01-28T09:38:44","modified_gmt":"2026-01-28T09:38:44","slug":"demander-une-region-kids-on-ski","status":"publish","type":"page","link":"https:\/\/kids-on-ski.com\/fr\/demander-une-region-kids-on-ski\/","title":{"rendered":"Demander une r\u00e9gion Kids On Ski"},"content":{"rendered":"","protected":false},"excerpt":{"rendered":"","protected":false},"author":1,"featured_media":0,"parent":0,"menu_order":9,"comment_status":"closed","ping_status":"closed","template":"","meta":{"_acf_changed":false,"_seopress_robots_primary_cat":"","_seopress_titles_title":"KIDS ON SKI Demande de R\u00e9gion - Demande pour les r\u00e9gions de KIDS ON SKI","_seopress_titles_desc":"Soumettez une demande pour le programme KIDS ON SKI dans une r\u00e9gion. Obtenez des informations sur les meilleures stations de ski et offres.","_seopress_robots_index":"","footnotes":""},"class_list":["post-9135","page","type-page","status-publish"],"acf":[],"_links":{"self":[{"href":"https:\/\/kids-on-ski.com\/fr\/wp-json\/wp\/v2\/pages\/9135","targetHints":{"allow":["GET"]}}],"collection":[{"href":"https:\/\/kids-on-ski.com\/fr\/wp-json\/wp\/v2\/pages"}],"about":[{"href":"https:\/\/kids-on-ski.com\/fr\/wp-json\/wp\/v2\/types\/page"}],"author":[{"embeddable":true,"href":"https:\/\/kids-on-ski.com\/fr\/wp-json\/wp\/v2\/users\/1"}],"replies":[{"embeddable":true,"href":"https:\/\/kids-on-ski.com\/fr\/wp-json\/wp\/v2\/comments?post=9135"}],"version-history":[{"count":27,"href":"https:\/\/kids-on-ski.com\/fr\/wp-json\/wp\/v2\/pages\/9135\/revisions"}],"predecessor-version":[{"id":20176,"href":"https:\/\/kids-on-ski.com\/fr\/wp-json\/wp\/v2\/pages\/9135\/revisions\/20176"}],"wp:attachment":[{"href":"https:\/\/kids-on-ski.com\/fr\/wp-json\/wp\/v2\/media?parent=9135"}],"curies":[{"name":"wp","href":"https:\/\/api.w.org\/{rel}","templated":true}]}}