{"id":9117,"date":"2024-10-02T12:11:30","date_gmt":"2024-10-02T12:11:30","guid":{"rendered":"https:\/\/kidsonski.multimediafabrik.com\/regions-de-ski\/"},"modified":"2024-12-19T14:10:17","modified_gmt":"2024-12-19T14:10:17","slug":"regions-de-ski","status":"publish","type":"page","link":"https:\/\/kids-on-ski.com\/fr\/regions-de-ski\/","title":{"rendered":"R\u00e9gions de ski"},"content":{"rendered":"","protected":false},"excerpt":{"rendered":"","protected":false},"author":1,"featured_media":0,"parent":0,"menu_order":5,"comment_status":"closed","ping_status":"closed","template":"","meta":{"_acf_changed":false,"_seopress_robots_primary_cat":"","_seopress_titles_title":"KIDS ON SKI Demande de R\u00e9gion - Les r\u00e9gions de KIDS ON SKI","_seopress_titles_desc":"Soumettez une demande pour le programme KIDS ON SKI dans une r\u00e9gion. Obtenez des informations sur les meilleures stations de ski et offres.","_seopress_robots_index":"","footnotes":""},"class_list":["post-9117","page","type-page","status-publish"],"acf":[],"_links":{"self":[{"href":"https:\/\/kids-on-ski.com\/fr\/wp-json\/wp\/v2\/pages\/9117","targetHints":{"allow":["GET"]}}],"collection":[{"href":"https:\/\/kids-on-ski.com\/fr\/wp-json\/wp\/v2\/pages"}],"about":[{"href":"https:\/\/kids-on-ski.com\/fr\/wp-json\/wp\/v2\/types\/page"}],"author":[{"embeddable":true,"href":"https:\/\/kids-on-ski.com\/fr\/wp-json\/wp\/v2\/users\/1"}],"replies":[{"embeddable":true,"href":"https:\/\/kids-on-ski.com\/fr\/wp-json\/wp\/v2\/comments?post=9117"}],"version-history":[{"count":2,"href":"https:\/\/kids-on-ski.com\/fr\/wp-json\/wp\/v2\/pages\/9117\/revisions"}],"predecessor-version":[{"id":11294,"href":"https:\/\/kids-on-ski.com\/fr\/wp-json\/wp\/v2\/pages\/9117\/revisions\/11294"}],"wp:attachment":[{"href":"https:\/\/kids-on-ski.com\/fr\/wp-json\/wp\/v2\/media?parent=9117"}],"curies":[{"name":"wp","href":"https:\/\/api.w.org\/{rel}","templated":true}]}}