{"id":9111,"date":"2024-10-02T12:11:47","date_gmt":"2024-10-02T12:11:47","guid":{"rendered":"https:\/\/kidsonski.multimediafabrik.com\/questions-et-reponses\/"},"modified":"2024-12-19T14:11:25","modified_gmt":"2024-12-19T14:11:25","slug":"questions-et-reponses","status":"publish","type":"page","link":"https:\/\/kids-on-ski.com\/fr\/questions-et-reponses\/","title":{"rendered":"Questions et r\u00e9ponses"},"content":{"rendered":"","protected":false},"excerpt":{"rendered":"","protected":false},"author":1,"featured_media":0,"parent":0,"menu_order":7,"comment_status":"closed","ping_status":"closed","template":"","meta":{"_acf_changed":false,"_seopress_robots_primary_cat":"","_seopress_titles_title":"KIDS ON SKI Questions et R\u00e9ponses - FAQ sur le programme","_seopress_titles_desc":"Trouvez des r\u00e9ponses aux questions fr\u00e9quemment pos\u00e9es sur le programme KIDS ON SKI, de l\u2019inscription aux offres et stations de ski.","_seopress_robots_index":"","footnotes":""},"class_list":["post-9111","page","type-page","status-publish"],"acf":[],"_links":{"self":[{"href":"https:\/\/kids-on-ski.com\/fr\/wp-json\/wp\/v2\/pages\/9111","targetHints":{"allow":["GET"]}}],"collection":[{"href":"https:\/\/kids-on-ski.com\/fr\/wp-json\/wp\/v2\/pages"}],"about":[{"href":"https:\/\/kids-on-ski.com\/fr\/wp-json\/wp\/v2\/types\/page"}],"author":[{"embeddable":true,"href":"https:\/\/kids-on-ski.com\/fr\/wp-json\/wp\/v2\/users\/1"}],"replies":[{"embeddable":true,"href":"https:\/\/kids-on-ski.com\/fr\/wp-json\/wp\/v2\/comments?post=9111"}],"version-history":[{"count":1,"href":"https:\/\/kids-on-ski.com\/fr\/wp-json\/wp\/v2\/pages\/9111\/revisions"}],"predecessor-version":[{"id":11296,"href":"https:\/\/kids-on-ski.com\/fr\/wp-json\/wp\/v2\/pages\/9111\/revisions\/11296"}],"wp:attachment":[{"href":"https:\/\/kids-on-ski.com\/fr\/wp-json\/wp\/v2\/media?parent=9111"}],"curies":[{"name":"wp","href":"https:\/\/api.w.org\/{rel}","templated":true}]}}