{"id":9107,"date":"2024-10-02T10:53:03","date_gmt":"2024-10-02T10:53:03","guid":{"rendered":"https:\/\/kidsonski.multimediafabrik.com\/kidsonski-demande-dhotel\/"},"modified":"2026-01-28T09:43:31","modified_gmt":"2026-01-28T09:43:31","slug":"kidsonski-demande-dhotel","status":"publish","type":"page","link":"https:\/\/kids-on-ski.com\/fr\/kidsonski-demande-dhotel\/","title":{"rendered":"KidsOnSki Demande d&#8217;h\u00f4tel"},"content":{"rendered":"","protected":false},"excerpt":{"rendered":"","protected":false},"author":1,"featured_media":0,"parent":0,"menu_order":3,"comment_status":"closed","ping_status":"closed","template":"","meta":{"_acf_changed":false,"_seopress_robots_primary_cat":"","_seopress_titles_title":"KIDS ON SKI Demande d\u2019h\u00f4tel - Chambres pour votre s\u00e9jour","_seopress_titles_desc":"Faites une demande d\u2019h\u00f4tels et d\u2019h\u00e9bergements pour votre s\u00e9jour avec KIDS ON SKI. Nous vous aiderons \u00e0 trouver les meilleures options.","_seopress_robots_index":"","footnotes":""},"class_list":["post-9107","page","type-page","status-publish"],"acf":[],"_links":{"self":[{"href":"https:\/\/kids-on-ski.com\/fr\/wp-json\/wp\/v2\/pages\/9107","targetHints":{"allow":["GET"]}}],"collection":[{"href":"https:\/\/kids-on-ski.com\/fr\/wp-json\/wp\/v2\/pages"}],"about":[{"href":"https:\/\/kids-on-ski.com\/fr\/wp-json\/wp\/v2\/types\/page"}],"author":[{"embeddable":true,"href":"https:\/\/kids-on-ski.com\/fr\/wp-json\/wp\/v2\/users\/1"}],"replies":[{"embeddable":true,"href":"https:\/\/kids-on-ski.com\/fr\/wp-json\/wp\/v2\/comments?post=9107"}],"version-history":[{"count":17,"href":"https:\/\/kids-on-ski.com\/fr\/wp-json\/wp\/v2\/pages\/9107\/revisions"}],"predecessor-version":[{"id":20179,"href":"https:\/\/kids-on-ski.com\/fr\/wp-json\/wp\/v2\/pages\/9107\/revisions\/20179"}],"wp:attachment":[{"href":"https:\/\/kids-on-ski.com\/fr\/wp-json\/wp\/v2\/media?parent=9107"}],"curies":[{"name":"wp","href":"https:\/\/api.w.org\/{rel}","templated":true}]}}