{"id":8911,"date":"2024-04-23T08:46:16","date_gmt":"2024-04-23T08:46:16","guid":{"rendered":"https:\/\/kidsonski.multimediafabrik.com\/merci-pour-votre-message\/"},"modified":"2024-12-19T07:45:41","modified_gmt":"2024-12-19T07:45:41","slug":"merci-pour-votre-message","status":"publish","type":"page","link":"https:\/\/kids-on-ski.com\/fr\/contact\/merci-pour-votre-message\/","title":{"rendered":"Merci pour votre message"},"content":{"rendered":"","protected":false},"excerpt":{"rendered":"","protected":false},"author":1,"featured_media":0,"parent":9213,"menu_order":0,"comment_status":"closed","ping_status":"closed","template":"","meta":{"_acf_changed":false,"_seopress_robots_primary_cat":"","_seopress_titles_title":"KIDS ON SKI Merci pour votre message","_seopress_titles_desc":"Merci pour votre message ! Nous l\u2019avons re\u00e7u et nous vous r\u00e9pondrons dans les plus brefs d\u00e9lais.","_seopress_robots_index":"yes","footnotes":""},"class_list":["post-8911","page","type-page","status-publish"],"acf":[],"_links":{"self":[{"href":"https:\/\/kids-on-ski.com\/fr\/wp-json\/wp\/v2\/pages\/8911","targetHints":{"allow":["GET"]}}],"collection":[{"href":"https:\/\/kids-on-ski.com\/fr\/wp-json\/wp\/v2\/pages"}],"about":[{"href":"https:\/\/kids-on-ski.com\/fr\/wp-json\/wp\/v2\/types\/page"}],"author":[{"embeddable":true,"href":"https:\/\/kids-on-ski.com\/fr\/wp-json\/wp\/v2\/users\/1"}],"replies":[{"embeddable":true,"href":"https:\/\/kids-on-ski.com\/fr\/wp-json\/wp\/v2\/comments?post=8911"}],"version-history":[{"count":2,"href":"https:\/\/kids-on-ski.com\/fr\/wp-json\/wp\/v2\/pages\/8911\/revisions"}],"predecessor-version":[{"id":9831,"href":"https:\/\/kids-on-ski.com\/fr\/wp-json\/wp\/v2\/pages\/8911\/revisions\/9831"}],"up":[{"embeddable":true,"href":"https:\/\/kids-on-ski.com\/fr\/wp-json\/wp\/v2\/pages\/9213"}],"wp:attachment":[{"href":"https:\/\/kids-on-ski.com\/fr\/wp-json\/wp\/v2\/media?parent=8911"}],"curies":[{"name":"wp","href":"https:\/\/api.w.org\/{rel}","templated":true}]}}