{"id":9695,"date":"2024-11-05T11:38:24","date_gmt":"2024-11-05T11:38:24","guid":{"rendered":"https:\/\/kids-on-ski.com\/?page_id=9695"},"modified":"2025-03-04T13:50:21","modified_gmt":"2025-03-04T13:50:21","slug":"region-waehlen","status":"publish","type":"page","link":"https:\/\/kids-on-ski.com\/de\/region-waehlen\/","title":{"rendered":"Region w\u00e4hlen"},"content":{"rendered":"","protected":false},"excerpt":{"rendered":"","protected":false},"author":1,"featured_media":0,"parent":0,"menu_order":40,"comment_status":"closed","ping_status":"closed","template":"","meta":{"_acf_changed":false,"_seopress_robots_primary_cat":"","_seopress_titles_title":"KIDS ON SKI Region w\u00e4hlen - W\u00e4hle die Region f\u00fcr dein KIDS ON SKI-Erlebnis","_seopress_titles_desc":"W\u00e4hle die Region, in der du das KIDS ON SKI-Programm erleben m\u00f6chtest. Erhalte alle Infos zu Skigebieten und Angeboten.","_seopress_robots_index":"","footnotes":""},"class_list":["post-9695","page","type-page","status-publish"],"acf":[],"_links":{"self":[{"href":"https:\/\/kids-on-ski.com\/de\/wp-json\/wp\/v2\/pages\/9695","targetHints":{"allow":["GET"]}}],"collection":[{"href":"https:\/\/kids-on-ski.com\/de\/wp-json\/wp\/v2\/pages"}],"about":[{"href":"https:\/\/kids-on-ski.com\/de\/wp-json\/wp\/v2\/types\/page"}],"author":[{"embeddable":true,"href":"https:\/\/kids-on-ski.com\/de\/wp-json\/wp\/v2\/users\/1"}],"replies":[{"embeddable":true,"href":"https:\/\/kids-on-ski.com\/de\/wp-json\/wp\/v2\/comments?post=9695"}],"version-history":[{"count":24,"href":"https:\/\/kids-on-ski.com\/de\/wp-json\/wp\/v2\/pages\/9695\/revisions"}],"predecessor-version":[{"id":11041,"href":"https:\/\/kids-on-ski.com\/de\/wp-json\/wp\/v2\/pages\/9695\/revisions\/11041"}],"wp:attachment":[{"href":"https:\/\/kids-on-ski.com\/de\/wp-json\/wp\/v2\/media?parent=9695"}],"curies":[{"name":"wp","href":"https:\/\/api.w.org\/{rel}","templated":true}]}}