{"id":41,"date":"2024-04-23T07:16:26","date_gmt":"2024-04-23T07:16:26","guid":{"rendered":"https:\/\/dev.wp-champs.com\/kidski\/?page_id=41"},"modified":"2025-11-12T08:45:12","modified_gmt":"2025-11-12T08:45:12","slug":"kontakt","status":"publish","type":"page","link":"https:\/\/kids-on-ski.com\/de\/kontakt\/","title":{"rendered":"Kontakt"},"content":{"rendered":"","protected":false},"excerpt":{"rendered":"","protected":false},"author":1,"featured_media":0,"parent":0,"menu_order":0,"comment_status":"closed","ping_status":"closed","template":"","meta":{"_acf_changed":false,"_seopress_robots_primary_cat":"","_seopress_titles_title":"KIDS ON SKI Kontakt - Kontaktiere uns f\u00fcr Fragen oder Infos","_seopress_titles_desc":"Hast du Fragen? Kontaktiere uns \u00fcber das Kontaktformular oder die angegebenen Kontaktdaten f\u00fcr Unterst\u00fctzung und Informationen.","_seopress_robots_index":"","footnotes":""},"class_list":["post-41","page","type-page","status-publish"],"acf":[],"_links":{"self":[{"href":"https:\/\/kids-on-ski.com\/de\/wp-json\/wp\/v2\/pages\/41","targetHints":{"allow":["GET"]}}],"collection":[{"href":"https:\/\/kids-on-ski.com\/de\/wp-json\/wp\/v2\/pages"}],"about":[{"href":"https:\/\/kids-on-ski.com\/de\/wp-json\/wp\/v2\/types\/page"}],"author":[{"embeddable":true,"href":"https:\/\/kids-on-ski.com\/de\/wp-json\/wp\/v2\/users\/1"}],"replies":[{"embeddable":true,"href":"https:\/\/kids-on-ski.com\/de\/wp-json\/wp\/v2\/comments?post=41"}],"version-history":[{"count":16,"href":"https:\/\/kids-on-ski.com\/de\/wp-json\/wp\/v2\/pages\/41\/revisions"}],"predecessor-version":[{"id":19520,"href":"https:\/\/kids-on-ski.com\/de\/wp-json\/wp\/v2\/pages\/41\/revisions\/19520"}],"wp:attachment":[{"href":"https:\/\/kids-on-ski.com\/de\/wp-json\/wp\/v2\/media?parent=41"}],"curies":[{"name":"wp","href":"https:\/\/api.w.org\/{rel}","templated":true}]}}