{"id":2821,"date":"2024-10-11T07:30:02","date_gmt":"2024-10-11T07:30:02","guid":{"rendered":"https:\/\/dev.wp-champs.com\/kidski\/?page_id=2821"},"modified":"2026-01-29T15:38:35","modified_gmt":"2026-01-29T15:38:35","slug":"faqs-fuer-partner","status":"publish","type":"page","link":"https:\/\/kids-on-ski.com\/de\/partner-bereich\/faqs-fuer-partner\/","title":{"rendered":"FAQs f\u00fcr Partner"},"content":{"rendered":"","protected":true},"excerpt":{"rendered":"","protected":true},"author":1,"featured_media":0,"parent":2804,"menu_order":20,"comment_status":"closed","ping_status":"closed","template":"","meta":{"_acf_changed":false,"_seopress_robots_primary_cat":"","_seopress_titles_title":"KIDS ON SKI FAQs f\u00fcr Partner - H\u00e4ufige Fragen f\u00fcr unsere Partner","_seopress_titles_desc":"Finde Antworten auf h\u00e4ufig gestellte Fragen f\u00fcr unsere Partner \u2013 von der Anmeldung bis zur Zusammenarbeit mit KIDS ON SKI.","_seopress_robots_index":"","footnotes":""},"class_list":["post-2821","page","type-page","status-publish","post-password-required"],"acf":[],"_links":{"self":[{"href":"https:\/\/kids-on-ski.com\/de\/wp-json\/wp\/v2\/pages\/2821","targetHints":{"allow":["GET"]}}],"collection":[{"href":"https:\/\/kids-on-ski.com\/de\/wp-json\/wp\/v2\/pages"}],"about":[{"href":"https:\/\/kids-on-ski.com\/de\/wp-json\/wp\/v2\/types\/page"}],"author":[{"embeddable":true,"href":"https:\/\/kids-on-ski.com\/de\/wp-json\/wp\/v2\/users\/1"}],"replies":[{"embeddable":true,"href":"https:\/\/kids-on-ski.com\/de\/wp-json\/wp\/v2\/comments?post=2821"}],"version-history":[{"count":10,"href":"https:\/\/kids-on-ski.com\/de\/wp-json\/wp\/v2\/pages\/2821\/revisions"}],"predecessor-version":[{"id":13624,"href":"https:\/\/kids-on-ski.com\/de\/wp-json\/wp\/v2\/pages\/2821\/revisions\/13624"}],"up":[{"embeddable":true,"href":"https:\/\/kids-on-ski.com\/de\/wp-json\/wp\/v2\/pages\/2804"}],"wp:attachment":[{"href":"https:\/\/kids-on-ski.com\/de\/wp-json\/wp\/v2\/media?parent=2821"}],"curies":[{"name":"wp","href":"https:\/\/api.w.org\/{rel}","templated":true}]}}