{"id":2806,"date":"2024-10-11T07:17:01","date_gmt":"2024-10-11T07:17:01","guid":{"rendered":"https:\/\/dev.wp-champs.com\/kidski\/?page_id=2806"},"modified":"2025-07-24T08:09:17","modified_gmt":"2025-07-24T08:09:17","slug":"downloads","status":"publish","type":"page","link":"https:\/\/kids-on-ski.com\/de\/partner-bereich\/downloads\/","title":{"rendered":"Downloads"},"content":{"rendered":"","protected":true},"excerpt":{"rendered":"","protected":true},"author":1,"featured_media":0,"parent":2804,"menu_order":16,"comment_status":"closed","ping_status":"closed","template":"","meta":{"_acf_changed":false,"_seopress_robots_primary_cat":"","_seopress_titles_title":"KIDS ON SKI Downloads - N\u00fctzliche Materialien f\u00fcr KIDS ON SKI","_seopress_titles_desc":"Anmeldeformulare, Brosch\u00fcren und andere n\u00fctzliche Materialien rund um das KIDS ON SKI-Programm.","_seopress_robots_index":"","footnotes":""},"class_list":["post-2806","page","type-page","status-publish","post-password-required"],"acf":[],"_links":{"self":[{"href":"https:\/\/kids-on-ski.com\/de\/wp-json\/wp\/v2\/pages\/2806","targetHints":{"allow":["GET"]}}],"collection":[{"href":"https:\/\/kids-on-ski.com\/de\/wp-json\/wp\/v2\/pages"}],"about":[{"href":"https:\/\/kids-on-ski.com\/de\/wp-json\/wp\/v2\/types\/page"}],"author":[{"embeddable":true,"href":"https:\/\/kids-on-ski.com\/de\/wp-json\/wp\/v2\/users\/1"}],"replies":[{"embeddable":true,"href":"https:\/\/kids-on-ski.com\/de\/wp-json\/wp\/v2\/comments?post=2806"}],"version-history":[{"count":41,"href":"https:\/\/kids-on-ski.com\/de\/wp-json\/wp\/v2\/pages\/2806\/revisions"}],"predecessor-version":[{"id":19913,"href":"https:\/\/kids-on-ski.com\/de\/wp-json\/wp\/v2\/pages\/2806\/revisions\/19913"}],"up":[{"embeddable":true,"href":"https:\/\/kids-on-ski.com\/de\/wp-json\/wp\/v2\/pages\/2804"}],"wp:attachment":[{"href":"https:\/\/kids-on-ski.com\/de\/wp-json\/wp\/v2\/media?parent=2806"}],"curies":[{"name":"wp","href":"https:\/\/api.w.org\/{rel}","templated":true}]}}