{"id":24,"date":"2024-04-23T06:57:15","date_gmt":"2024-04-23T06:57:15","guid":{"rendered":"https:\/\/dev.wp-champs.com\/kidski\/?page_id=24"},"modified":"2024-12-19T07:23:41","modified_gmt":"2024-12-19T07:23:41","slug":"home","status":"publish","type":"page","link":"https:\/\/kids-on-ski.com\/de\/","title":{"rendered":"Home"},"content":{"rendered":"","protected":false},"excerpt":{"rendered":"","protected":false},"author":1,"featured_media":0,"parent":0,"menu_order":0,"comment_status":"closed","ping_status":"closed","template":"","meta":{"_acf_changed":false,"_seopress_robots_primary_cat":"","_seopress_titles_title":"KIDS ON SKI Home - Unser Programm und die Anmeldung","_seopress_titles_desc":"Entdecke alles \u00fcber das KIDS ON SKI-Programm! Hier findest du Informationen zu unseren kostenlosen Ski-Angeboten und Aktivit\u00e4ten f\u00fcr Kinder.","_seopress_robots_index":"","footnotes":""},"class_list":["post-24","page","type-page","status-publish"],"acf":[],"_links":{"self":[{"href":"https:\/\/kids-on-ski.com\/de\/wp-json\/wp\/v2\/pages\/24","targetHints":{"allow":["GET"]}}],"collection":[{"href":"https:\/\/kids-on-ski.com\/de\/wp-json\/wp\/v2\/pages"}],"about":[{"href":"https:\/\/kids-on-ski.com\/de\/wp-json\/wp\/v2\/types\/page"}],"author":[{"embeddable":true,"href":"https:\/\/kids-on-ski.com\/de\/wp-json\/wp\/v2\/users\/1"}],"replies":[{"embeddable":true,"href":"https:\/\/kids-on-ski.com\/de\/wp-json\/wp\/v2\/comments?post=24"}],"version-history":[{"count":61,"href":"https:\/\/kids-on-ski.com\/de\/wp-json\/wp\/v2\/pages\/24\/revisions"}],"predecessor-version":[{"id":11052,"href":"https:\/\/kids-on-ski.com\/de\/wp-json\/wp\/v2\/pages\/24\/revisions\/11052"}],"wp:attachment":[{"href":"https:\/\/kids-on-ski.com\/de\/wp-json\/wp\/v2\/media?parent=24"}],"curies":[{"name":"wp","href":"https:\/\/api.w.org\/{rel}","templated":true}]}}