{"id":1866,"date":"2024-10-02T12:11:30","date_gmt":"2024-10-02T12:11:30","guid":{"rendered":"https:\/\/dev.wp-champs.com\/kidski\/?page_id=1866"},"modified":"2024-12-18T14:57:43","modified_gmt":"2024-12-18T14:57:43","slug":"skiregionen","status":"publish","type":"page","link":"https:\/\/kids-on-ski.com\/de\/skiregionen\/","title":{"rendered":"Skiregionen"},"content":{"rendered":"","protected":false},"excerpt":{"rendered":"","protected":false},"author":1,"featured_media":0,"parent":0,"menu_order":5,"comment_status":"closed","ping_status":"closed","template":"","meta":{"_acf_changed":false,"_seopress_robots_primary_cat":"","_seopress_titles_title":"KIDS ON SKI Skiregionen - Beste Skigebiete f\u00fcr Kinder","_seopress_titles_desc":"Entdecke die besten Skigebiete f\u00fcr Kinder! Bei KIDS ON SKI nehmen sichere und wundersch\u00f6ne Skigebiete teil, perfekt f\u00fcr die kleinsten Skifahrer.","_seopress_robots_index":"","footnotes":""},"class_list":["post-1866","page","type-page","status-publish"],"acf":[],"_links":{"self":[{"href":"https:\/\/kids-on-ski.com\/de\/wp-json\/wp\/v2\/pages\/1866","targetHints":{"allow":["GET"]}}],"collection":[{"href":"https:\/\/kids-on-ski.com\/de\/wp-json\/wp\/v2\/pages"}],"about":[{"href":"https:\/\/kids-on-ski.com\/de\/wp-json\/wp\/v2\/types\/page"}],"author":[{"embeddable":true,"href":"https:\/\/kids-on-ski.com\/de\/wp-json\/wp\/v2\/users\/1"}],"replies":[{"embeddable":true,"href":"https:\/\/kids-on-ski.com\/de\/wp-json\/wp\/v2\/comments?post=1866"}],"version-history":[{"count":9,"href":"https:\/\/kids-on-ski.com\/de\/wp-json\/wp\/v2\/pages\/1866\/revisions"}],"predecessor-version":[{"id":11023,"href":"https:\/\/kids-on-ski.com\/de\/wp-json\/wp\/v2\/pages\/1866\/revisions\/11023"}],"wp:attachment":[{"href":"https:\/\/kids-on-ski.com\/de\/wp-json\/wp\/v2\/media?parent=1866"}],"curies":[{"name":"wp","href":"https:\/\/api.w.org\/{rel}","templated":true}]}}