{"id":1861,"date":"2024-10-02T12:10:34","date_gmt":"2024-10-02T12:10:34","guid":{"rendered":"https:\/\/dev.wp-champs.com\/kidski\/?page_id=1861"},"modified":"2024-12-18T14:56:53","modified_gmt":"2024-12-18T14:56:53","slug":"vision","status":"publish","type":"page","link":"https:\/\/kids-on-ski.com\/de\/vision\/","title":{"rendered":"Vision"},"content":{"rendered":"","protected":false},"excerpt":{"rendered":"","protected":false},"author":1,"featured_media":0,"parent":0,"menu_order":4,"comment_status":"closed","ping_status":"closed","template":"","meta":{"_acf_changed":false,"_seopress_robots_primary_cat":"","_seopress_titles_title":"KIDS ON SKI Vision - Unsere Vision f\u00fcr das Programm","_seopress_titles_desc":"Erfahre mehr \u00fcber die Vision von KIDS ON SKI! Wir m\u00f6chten Kindern die Freude am Skifahren n\u00e4herbringen und unvergessliche Erlebnisse schaffen.","_seopress_robots_index":"","footnotes":""},"class_list":["post-1861","page","type-page","status-publish"],"acf":[],"_links":{"self":[{"href":"https:\/\/kids-on-ski.com\/de\/wp-json\/wp\/v2\/pages\/1861","targetHints":{"allow":["GET"]}}],"collection":[{"href":"https:\/\/kids-on-ski.com\/de\/wp-json\/wp\/v2\/pages"}],"about":[{"href":"https:\/\/kids-on-ski.com\/de\/wp-json\/wp\/v2\/types\/page"}],"author":[{"embeddable":true,"href":"https:\/\/kids-on-ski.com\/de\/wp-json\/wp\/v2\/users\/1"}],"replies":[{"embeddable":true,"href":"https:\/\/kids-on-ski.com\/de\/wp-json\/wp\/v2\/comments?post=1861"}],"version-history":[{"count":15,"href":"https:\/\/kids-on-ski.com\/de\/wp-json\/wp\/v2\/pages\/1861\/revisions"}],"predecessor-version":[{"id":11022,"href":"https:\/\/kids-on-ski.com\/de\/wp-json\/wp\/v2\/pages\/1861\/revisions\/11022"}],"wp:attachment":[{"href":"https:\/\/kids-on-ski.com\/de\/wp-json\/wp\/v2\/media?parent=1861"}],"curies":[{"name":"wp","href":"https:\/\/api.w.org\/{rel}","templated":true}]}}