{"id":1783,"date":"2024-10-02T10:53:03","date_gmt":"2024-10-02T10:53:03","guid":{"rendered":"https:\/\/dev.wp-champs.com\/kidski\/?page_id=1783"},"modified":"2026-01-28T09:49:54","modified_gmt":"2026-01-28T09:49:54","slug":"kids-on-ski-hotelanfrage","status":"publish","type":"page","link":"https:\/\/kids-on-ski.com\/de\/kids-on-ski-hotelanfrage\/","title":{"rendered":"KidsOnSki Hotelanfrage"},"content":{"rendered":"","protected":false},"excerpt":{"rendered":"","protected":false},"author":1,"featured_media":0,"parent":0,"menu_order":3,"comment_status":"closed","ping_status":"closed","template":"","meta":{"_acf_changed":false,"_seopress_robots_primary_cat":"","_seopress_titles_title":"KIDS ON SKI Hotelanfrage - Hotelzimmer f\u00fcr deinen Aufenthalt","_seopress_titles_desc":"Anfrage f\u00fcr Hotels und Unterk\u00fcnfte w\u00e4hrend deines Aufenthalts bei KIDS ON SKI. Wir helfen dir, die besten Optionen zu finden.","_seopress_robots_index":"","footnotes":""},"class_list":["post-1783","page","type-page","status-publish"],"acf":[],"_links":{"self":[{"href":"https:\/\/kids-on-ski.com\/de\/wp-json\/wp\/v2\/pages\/1783","targetHints":{"allow":["GET"]}}],"collection":[{"href":"https:\/\/kids-on-ski.com\/de\/wp-json\/wp\/v2\/pages"}],"about":[{"href":"https:\/\/kids-on-ski.com\/de\/wp-json\/wp\/v2\/types\/page"}],"author":[{"embeddable":true,"href":"https:\/\/kids-on-ski.com\/de\/wp-json\/wp\/v2\/users\/1"}],"replies":[{"embeddable":true,"href":"https:\/\/kids-on-ski.com\/de\/wp-json\/wp\/v2\/comments?post=1783"}],"version-history":[{"count":91,"href":"https:\/\/kids-on-ski.com\/de\/wp-json\/wp\/v2\/pages\/1783\/revisions"}],"predecessor-version":[{"id":20182,"href":"https:\/\/kids-on-ski.com\/de\/wp-json\/wp\/v2\/pages\/1783\/revisions\/20182"}],"wp:attachment":[{"href":"https:\/\/kids-on-ski.com\/de\/wp-json\/wp\/v2\/media?parent=1783"}],"curies":[{"name":"wp","href":"https:\/\/api.w.org\/{rel}","templated":true}]}}