{"id":108,"date":"2024-04-23T08:46:16","date_gmt":"2024-04-23T08:46:16","guid":{"rendered":"https:\/\/dev.wp-champs.com\/kidski\/?page_id=108"},"modified":"2024-12-19T07:26:04","modified_gmt":"2024-12-19T07:26:04","slug":"danke-fur-ihre-nachricht","status":"publish","type":"page","link":"https:\/\/kids-on-ski.com\/de\/kontakt\/danke-fur-ihre-nachricht\/","title":{"rendered":"Danke f\u00fcr deine Nachricht"},"content":{"rendered":"","protected":false},"excerpt":{"rendered":"","protected":false},"author":1,"featured_media":0,"parent":41,"menu_order":0,"comment_status":"closed","ping_status":"closed","template":"","meta":{"_acf_changed":false,"_seopress_robots_primary_cat":"","_seopress_titles_title":"KIDS ON SKI Danke f\u00fcr deine Nachricht","_seopress_titles_desc":"Vielen Dank f\u00fcr deine Nachricht! Wir haben sie erhalten und werden uns so schnell wie m\u00f6glich bei dir melden.","_seopress_robots_index":"yes","footnotes":""},"class_list":["post-108","page","type-page","status-publish"],"acf":[],"_links":{"self":[{"href":"https:\/\/kids-on-ski.com\/de\/wp-json\/wp\/v2\/pages\/108","targetHints":{"allow":["GET"]}}],"collection":[{"href":"https:\/\/kids-on-ski.com\/de\/wp-json\/wp\/v2\/pages"}],"about":[{"href":"https:\/\/kids-on-ski.com\/de\/wp-json\/wp\/v2\/types\/page"}],"author":[{"embeddable":true,"href":"https:\/\/kids-on-ski.com\/de\/wp-json\/wp\/v2\/users\/1"}],"replies":[{"embeddable":true,"href":"https:\/\/kids-on-ski.com\/de\/wp-json\/wp\/v2\/comments?post=108"}],"version-history":[{"count":4,"href":"https:\/\/kids-on-ski.com\/de\/wp-json\/wp\/v2\/pages\/108\/revisions"}],"predecessor-version":[{"id":11055,"href":"https:\/\/kids-on-ski.com\/de\/wp-json\/wp\/v2\/pages\/108\/revisions\/11055"}],"up":[{"embeddable":true,"href":"https:\/\/kids-on-ski.com\/de\/wp-json\/wp\/v2\/pages\/41"}],"wp:attachment":[{"href":"https:\/\/kids-on-ski.com\/de\/wp-json\/wp\/v2\/media?parent=108"}],"curies":[{"name":"wp","href":"https:\/\/api.w.org\/{rel}","templated":true}]}}